{"id":190,"date":"2020-11-17T10:08:58","date_gmt":"2020-11-17T09:08:58","guid":{"rendered":"https:\/\/lr-partner.info\/harzgerode\/?page_id=190"},"modified":"2020-11-17T11:09:13","modified_gmt":"2020-11-17T10:09:13","slug":"profi-einstieg","status":"publish","type":"page","link":"https:\/\/lr-partner.info\/harzgerode\/index.php\/profi-einstieg\/","title":{"rendered":"Profi-Einstieg"},"content":{"rendered":"<div id=\"le_body_row_2\" class=\"row one-column cf ui-sortable \" data-style=\"\">\n<div class=\"fixed-width\">\n<div id=\"le_body_row_2_col_1\" class=\"one-column column cols\">\n<div id=\"le_body_row_2_col_1_el_1\" class=\"element-container cf\" data-style=\"\">\n<div class=\"element\">\n<h2 id=\"el_ah_4fba52973aa2af1bd5010460b3d1f988\" class=\"op-headline letters type headline-style-1\">Profi Business Paket \u2013 Alle 4 Set\u2019s zum super Preis!<\/h2>\n<\/div>\n<\/div>\n<div id=\"le_body_row_2_col_1_el_2\" class=\"element-container cf\" data-style=\"\">\n<div class=\"element\">\n<div class=\"image-caption\"><img loading=\"lazy\" decoding=\"async\" class=\"alignnone wp-image-221 size-full\" src=\"https:\/\/lr-infos.de\/wp-content\/uploads\/2020\/11\/komplett2.jpg\" sizes=\"auto, (max-width: 1200px) 100vw, 1200px\" srcset=\"https:\/\/lr-infos.de\/wp-content\/uploads\/2020\/11\/komplett2.jpg 1200w, https:\/\/lr-infos.de\/wp-content\/uploads\/2020\/11\/komplett2-300x66.jpg 300w, https:\/\/lr-infos.de\/wp-content\/uploads\/2020\/11\/komplett2-1024x224.jpg 1024w, https:\/\/lr-infos.de\/wp-content\/uploads\/2020\/11\/komplett2-768x168.jpg 768w\" alt=\"\" width=\"1200\" height=\"263\" \/><\/div>\n<\/div>\n<\/div>\n<\/div>\n<\/div>\n<\/div>\n<div id=\"le_body_row_3\" class=\"row two-columns cf ui-sortable \" data-style=\"\">\n<div class=\"fixed-width\">\n<div id=\"le_body_row_3_col_1\" class=\"one-half column cols\">\n<div id=\"le_body_row_3_col_1_el_1\" class=\"element-container cf\" data-style=\"\">\n<div class=\"element\">\n<h4><\/h4>\n<p>Profi Business, wie es der Name schon sagt:<\/p>\n<p>F\u00fcr Alle die richtig durchstarten wollen, f\u00fcr diejenigen die Partyverk\u00e4ufe organisieren wollen unersetzlich, f\u00fcr diejenigen die Produkte vorf\u00fchren wollen und den Kunden die Vorz\u00fcge sofort zeigen wollen das perfekte Startset bei LR! Dazu kommt noch der exklusive Preisvorteil!<\/p>\n<h4>Alle Produkte im \u00dcberblick:<\/h4>\n<\/div>\n<\/div>\n<div id=\"le_body_row_3_col_1_el_2\" class=\"element-container cf\" data-style=\"\">\n<div class=\"element\">\n<div class=\"op-text-block\">\n<p><strong>LR Zeitgard Paket<br \/>\n<\/strong>LR Zeitgard Cleansing Device inkl. Ladestation<br \/>\nB\u00fcrste Soft<br \/>\nCleansing System Cream<br \/>\nB\u00fcrste Normal<br \/>\nCleansing System Gel<br \/>\nReiseetui<\/p>\n<p><strong>Aloe Via Moments Paket<br \/>\n<\/strong>Aloe Vera Sanft Reinigende Handseife<br \/>\nAloe Vera Hautverfeinerndes Gesichtspeeling<br \/>\nAloe Vera Schnelles Notfallspray klein<br \/>\nAloe Vera Feuchtigkeitsspendendes Gelkonzentrat<br \/>\nAloe Vera Sch\u00fctzende Propolis Creme<br \/>\nAloe Vera Multi-Aktive Tagescreme<br \/>\nAloe Vera Erfrischende Gel Creme<br \/>\nAloe Vera Entspannende Thermolotion<br \/>\nAloe Vera Extra Frische Zahngel<br \/>\nAloe Vera Sanfte Handcreme<br \/>\nAloe Vera Sch\u00fctzender Deo Roll-on<br \/>\nAloe Vera Express Feuchtigkeits-Gesichtsmaske<br \/>\nAloe Vera Formendes K\u00f6rpergel<br \/>\n<strong><br \/>\nTopseller Paket<\/strong><br \/>\nStarbox<br \/>\nAloe Vera Spezial-Pflege-Box<br \/>\nAloe Vera Sanfte Handcreme<br \/>\nAloe Vera erfrischende Gel Creme<br \/>\nAloe Vera Extra Frische Zahngel<br \/>\nBruce Willis Personal Edition EdP<br \/>\nGuido Maria Kretschmer for Women EdP<\/p>\n<p><strong>LR Lifetakt Paket<\/strong><br \/>\nAloe Vera Drinking Gel Honig<br \/>\nAloe Vera Drinking Gel Sivera<br \/>\nAloe Vera Drinking Gel Freedom<br \/>\nAloe Vera Drinking Gel Pfirsich<br \/>\nMind Master Formula Red<br \/>\nMind Master Formula Green<br \/>\nPro Balance Tabletten<br \/>\nLR LIFETAKT Verkaufs-Set<\/p>\n<p>&nbsp;<\/p>\n<\/div>\n<\/div>\n<\/div>\n<\/div>\n<div id=\"le_body_row_3_col_2\" class=\"one-half column cols\">\n<div id=\"le_body_row_3_col_2_el_1\" class=\"element-container cf\" data-style=\"\">\n<div class=\"element\">\n<h2 class=\"headline-style-1\">Dar\u00fcber hinaus:<\/h2>\n<\/div>\n<\/div>\n<div id=\"le_body_row_3_col_2_el_2\" class=\"element-container cf\" data-style=\"\">\n<div class=\"element\">\n<ul class=\"bullet-list size-16\">\n<li>Eine pers\u00f6nliche Einarbeitung, online und offline<\/li>\n<li>Die M\u00f6glichkeit sich schnell f\u00fcr einen Firmenwagen zu qualifizieren<\/li>\n<li>Eigener Webshop &amp; Internetseite<\/li>\n<li>Risikoloser Start mit 14 Tage Widerrufsrecht<\/li>\n<\/ul>\n<\/div>\n<\/div>\n<\/div>\n<\/div>\n<\/div>\n<div id=\"le_body_row_4\" class=\"row one-column cf ui-sortable \" data-style=\"\">\n<div class=\"fixed-width\">\n<div id=\"le_body_row_4_col_1\" class=\"one-column column cols\">\n<div id=\"le_body_row_4_col_1_el_1\" class=\"element-container cf\" data-style=\"\">\n<div class=\"element\">\n<h3>Wie m\u00f6chtest du dein Profi Business Starterpaket bezahlen?<\/h3>\n<\/div>\n<\/div>\n<\/div>\n<\/div>\n<\/div>\n<div id=\"le_body_row_5\" class=\"row three-columns cf ui-sortable \" data-style=\"\">\n<div class=\"fixed-width\">\n<div id=\"le_body_row_5_col_1\" class=\"one-third column cols narrow\">\n<div id=\"le_body_row_5_col_1_el_1\" class=\"element-container cf\" data-style=\"\">\n<div class=\"element\">\n<div class=\"image-caption\">Einmalzahlung 519,90 \u20ac<\/div>\n<\/div>\n<\/div>\n<div id=\"le_body_row_5_col_1_el_3\" class=\"element-container cf\" data-style=\"\">\n<div class=\"element\">\n<div class=\"op-text-block\">in 2 Raten a 259,95 \u20ac<\/div>\n<\/div>\n<\/div>\n<\/div>\n<div id=\"le_body_row_5_col_2\" class=\"one-third column cols narrow\">\n<div id=\"le_body_row_5_col_2_el_3\" class=\"element-container cf\" data-style=\"\">\n<div class=\"element\">\n<div class=\"op-text-block\">\n<p>in 4 Raten\u00a01. Rate 207,96 \u20ac, 2. \u2013 4. Rate 103,98 \u20ac<\/p>\n<\/div>\n<h3><a href=\"https:\/\/lr-partner.info\/harzgerode\/index.php\/sofort-starten\/\">Jetzt einsteigen<\/a><\/h3>\n<\/div>\n<\/div>\n<\/div>\n<\/div>\n<\/div>\n","protected":false},"excerpt":{"rendered":"<p>Profi Business Paket \u2013 Alle 4 Set\u2019s zum super Preis! Profi Business, wie es der Name schon sagt: F\u00fcr Alle die richtig durchstarten wollen, f\u00fcr diejenigen die Partyverk\u00e4ufe organisieren wollen unersetzlich, f\u00fcr diejenigen die Produkte vorf\u00fchren wollen und den Kunden die Vorz\u00fcge sofort zeigen wollen das perfekte Startset bei LR! Dazu kommt noch der exklusive&hellip; <br \/> <a class=\"read-more\" href=\"https:\/\/lr-partner.info\/harzgerode\/index.php\/profi-einstieg\/\">Weiterlesen<\/a><\/p>\n","protected":false},"author":2,"featured_media":0,"parent":0,"menu_order":0,"comment_status":"closed","ping_status":"closed","template":"","meta":{"footnotes":""},"class_list":["post-190","page","type-page","status-publish","hentry"],"yoast_head":"<!-- This site is optimized with the Yoast SEO plugin v27.4 - https:\/\/yoast.com\/product\/yoast-seo-wordpress\/ -->\n<title>Profi Business Paket- Ein Set vieles drin- Der Einstieg f\u00fcr Profis von Profis<\/title>\n<meta name=\"description\" content=\"Profi Business Paket \u2013 Alle 4 Set\u2019s zum super Preis - Wer optimal ins LR Business starten will, braucht das richte Werkzeug! Profi Business, wie es der Name schon sagt!\" \/>\n<meta name=\"robots\" content=\"index, follow, max-snippet:-1, max-image-preview:large, max-video-preview:-1\" \/>\n<link rel=\"canonical\" href=\"https:\/\/lr-partner.info\/harzgerode\/index.php\/profi-einstieg\/\" \/>\n<meta property=\"og:locale\" content=\"de_DE\" \/>\n<meta property=\"og:type\" content=\"article\" \/>\n<meta property=\"og:title\" content=\"Profi Business Paket- Ein Set vieles drin- Der Einstieg f\u00fcr Profis von Profis\" \/>\n<meta property=\"og:description\" content=\"Profi Business Paket \u2013 Alle 4 Set\u2019s zum super Preis - Wer optimal ins LR Business starten will, braucht das richte Werkzeug! Profi Business, wie es der Name schon sagt!\" \/>\n<meta property=\"og:url\" content=\"https:\/\/lr-partner.info\/harzgerode\/index.php\/profi-einstieg\/\" \/>\n<meta property=\"og:site_name\" content=\"LR Partner werden\" \/>\n<meta property=\"article:modified_time\" content=\"2020-11-17T10:09:13+00:00\" \/>\n<meta property=\"og:image\" content=\"https:\/\/lr-infos.de\/wp-content\/uploads\/2020\/11\/komplett2.jpg\" \/>\n<meta name=\"twitter:card\" content=\"summary_large_image\" \/>\n<meta name=\"twitter:label1\" content=\"Gesch\u00e4tzte Lesezeit\" \/>\n\t<meta name=\"twitter:data1\" content=\"1\u00a0Minute\" \/>\n<script type=\"application\/ld+json\" class=\"yoast-schema-graph\">{\"@context\":\"https:\\\/\\\/schema.org\",\"@graph\":[{\"@type\":\"WebPage\",\"@id\":\"https:\\\/\\\/lr-partner.info\\\/harzgerode\\\/index.php\\\/profi-einstieg\\\/\",\"url\":\"https:\\\/\\\/lr-partner.info\\\/harzgerode\\\/index.php\\\/profi-einstieg\\\/\",\"name\":\"Profi Business Paket- Ein Set vieles drin- Der Einstieg f\u00fcr Profis von Profis\",\"isPartOf\":{\"@id\":\"https:\\\/\\\/lr-partner.info\\\/harzgerode\\\/#website\"},\"primaryImageOfPage\":{\"@id\":\"https:\\\/\\\/lr-partner.info\\\/harzgerode\\\/index.php\\\/profi-einstieg\\\/#primaryimage\"},\"image\":{\"@id\":\"https:\\\/\\\/lr-partner.info\\\/harzgerode\\\/index.php\\\/profi-einstieg\\\/#primaryimage\"},\"thumbnailUrl\":\"https:\\\/\\\/lr-infos.de\\\/wp-content\\\/uploads\\\/2020\\\/11\\\/komplett2.jpg\",\"datePublished\":\"2020-11-17T09:08:58+00:00\",\"dateModified\":\"2020-11-17T10:09:13+00:00\",\"description\":\"Profi Business Paket \u2013 Alle 4 Set\u2019s zum super Preis - Wer optimal ins LR Business starten will, braucht das richte Werkzeug! Profi Business, wie es der Name schon sagt!\",\"breadcrumb\":{\"@id\":\"https:\\\/\\\/lr-partner.info\\\/harzgerode\\\/index.php\\\/profi-einstieg\\\/#breadcrumb\"},\"inLanguage\":\"de\",\"potentialAction\":[{\"@type\":\"ReadAction\",\"target\":[\"https:\\\/\\\/lr-partner.info\\\/harzgerode\\\/index.php\\\/profi-einstieg\\\/\"]}]},{\"@type\":\"ImageObject\",\"inLanguage\":\"de\",\"@id\":\"https:\\\/\\\/lr-partner.info\\\/harzgerode\\\/index.php\\\/profi-einstieg\\\/#primaryimage\",\"url\":\"https:\\\/\\\/lr-infos.de\\\/wp-content\\\/uploads\\\/2020\\\/11\\\/komplett2.jpg\",\"contentUrl\":\"https:\\\/\\\/lr-infos.de\\\/wp-content\\\/uploads\\\/2020\\\/11\\\/komplett2.jpg\"},{\"@type\":\"BreadcrumbList\",\"@id\":\"https:\\\/\\\/lr-partner.info\\\/harzgerode\\\/index.php\\\/profi-einstieg\\\/#breadcrumb\",\"itemListElement\":[{\"@type\":\"ListItem\",\"position\":1,\"name\":\"Startseite\",\"item\":\"https:\\\/\\\/lr-partner.info\\\/harzgerode\\\/\"},{\"@type\":\"ListItem\",\"position\":2,\"name\":\"Profi-Einstieg\"}]},{\"@type\":\"WebSite\",\"@id\":\"https:\\\/\\\/lr-partner.info\\\/harzgerode\\\/#website\",\"url\":\"https:\\\/\\\/lr-partner.info\\\/harzgerode\\\/\",\"name\":\"LR Partner werden\",\"description\":\"\",\"potentialAction\":[{\"@type\":\"SearchAction\",\"target\":{\"@type\":\"EntryPoint\",\"urlTemplate\":\"https:\\\/\\\/lr-partner.info\\\/harzgerode\\\/?s={search_term_string}\"},\"query-input\":{\"@type\":\"PropertyValueSpecification\",\"valueRequired\":true,\"valueName\":\"search_term_string\"}}],\"inLanguage\":\"de\"}]}<\/script>\n<!-- \/ Yoast SEO plugin. -->","yoast_head_json":{"title":"Profi Business Paket- Ein Set vieles drin- Der Einstieg f\u00fcr Profis von Profis","description":"Profi Business Paket \u2013 Alle 4 Set\u2019s zum super Preis - Wer optimal ins LR Business starten will, braucht das richte Werkzeug! Profi Business, wie es der Name schon sagt!","robots":{"index":"index","follow":"follow","max-snippet":"max-snippet:-1","max-image-preview":"max-image-preview:large","max-video-preview":"max-video-preview:-1"},"canonical":"https:\/\/lr-partner.info\/harzgerode\/index.php\/profi-einstieg\/","og_locale":"de_DE","og_type":"article","og_title":"Profi Business Paket- Ein Set vieles drin- Der Einstieg f\u00fcr Profis von Profis","og_description":"Profi Business Paket \u2013 Alle 4 Set\u2019s zum super Preis - Wer optimal ins LR Business starten will, braucht das richte Werkzeug! Profi Business, wie es der Name schon sagt!","og_url":"https:\/\/lr-partner.info\/harzgerode\/index.php\/profi-einstieg\/","og_site_name":"LR Partner werden","article_modified_time":"2020-11-17T10:09:13+00:00","og_image":[{"url":"https:\/\/lr-infos.de\/wp-content\/uploads\/2020\/11\/komplett2.jpg","type":"","width":"","height":""}],"twitter_card":"summary_large_image","twitter_misc":{"Gesch\u00e4tzte Lesezeit":"1\u00a0Minute"},"schema":{"@context":"https:\/\/schema.org","@graph":[{"@type":"WebPage","@id":"https:\/\/lr-partner.info\/harzgerode\/index.php\/profi-einstieg\/","url":"https:\/\/lr-partner.info\/harzgerode\/index.php\/profi-einstieg\/","name":"Profi Business Paket- Ein Set vieles drin- Der Einstieg f\u00fcr Profis von Profis","isPartOf":{"@id":"https:\/\/lr-partner.info\/harzgerode\/#website"},"primaryImageOfPage":{"@id":"https:\/\/lr-partner.info\/harzgerode\/index.php\/profi-einstieg\/#primaryimage"},"image":{"@id":"https:\/\/lr-partner.info\/harzgerode\/index.php\/profi-einstieg\/#primaryimage"},"thumbnailUrl":"https:\/\/lr-infos.de\/wp-content\/uploads\/2020\/11\/komplett2.jpg","datePublished":"2020-11-17T09:08:58+00:00","dateModified":"2020-11-17T10:09:13+00:00","description":"Profi Business Paket \u2013 Alle 4 Set\u2019s zum super Preis - Wer optimal ins LR Business starten will, braucht das richte Werkzeug! Profi Business, wie es der Name schon sagt!","breadcrumb":{"@id":"https:\/\/lr-partner.info\/harzgerode\/index.php\/profi-einstieg\/#breadcrumb"},"inLanguage":"de","potentialAction":[{"@type":"ReadAction","target":["https:\/\/lr-partner.info\/harzgerode\/index.php\/profi-einstieg\/"]}]},{"@type":"ImageObject","inLanguage":"de","@id":"https:\/\/lr-partner.info\/harzgerode\/index.php\/profi-einstieg\/#primaryimage","url":"https:\/\/lr-infos.de\/wp-content\/uploads\/2020\/11\/komplett2.jpg","contentUrl":"https:\/\/lr-infos.de\/wp-content\/uploads\/2020\/11\/komplett2.jpg"},{"@type":"BreadcrumbList","@id":"https:\/\/lr-partner.info\/harzgerode\/index.php\/profi-einstieg\/#breadcrumb","itemListElement":[{"@type":"ListItem","position":1,"name":"Startseite","item":"https:\/\/lr-partner.info\/harzgerode\/"},{"@type":"ListItem","position":2,"name":"Profi-Einstieg"}]},{"@type":"WebSite","@id":"https:\/\/lr-partner.info\/harzgerode\/#website","url":"https:\/\/lr-partner.info\/harzgerode\/","name":"LR Partner werden","description":"","potentialAction":[{"@type":"SearchAction","target":{"@type":"EntryPoint","urlTemplate":"https:\/\/lr-partner.info\/harzgerode\/?s={search_term_string}"},"query-input":{"@type":"PropertyValueSpecification","valueRequired":true,"valueName":"search_term_string"}}],"inLanguage":"de"}]}},"jetpack_sharing_enabled":true,"_links":{"self":[{"href":"https:\/\/lr-partner.info\/harzgerode\/index.php\/wp-json\/wp\/v2\/pages\/190","targetHints":{"allow":["GET"]}}],"collection":[{"href":"https:\/\/lr-partner.info\/harzgerode\/index.php\/wp-json\/wp\/v2\/pages"}],"about":[{"href":"https:\/\/lr-partner.info\/harzgerode\/index.php\/wp-json\/wp\/v2\/types\/page"}],"author":[{"embeddable":true,"href":"https:\/\/lr-partner.info\/harzgerode\/index.php\/wp-json\/wp\/v2\/users\/2"}],"replies":[{"embeddable":true,"href":"https:\/\/lr-partner.info\/harzgerode\/index.php\/wp-json\/wp\/v2\/comments?post=190"}],"version-history":[{"count":7,"href":"https:\/\/lr-partner.info\/harzgerode\/index.php\/wp-json\/wp\/v2\/pages\/190\/revisions"}],"predecessor-version":[{"id":204,"href":"https:\/\/lr-partner.info\/harzgerode\/index.php\/wp-json\/wp\/v2\/pages\/190\/revisions\/204"}],"wp:attachment":[{"href":"https:\/\/lr-partner.info\/harzgerode\/index.php\/wp-json\/wp\/v2\/media?parent=190"}],"curies":[{"name":"wp","href":"https:\/\/api.w.org\/{rel}","templated":true}]}}