{"id":142,"date":"2019-08-23T07:49:13","date_gmt":"2019-08-23T07:49:13","guid":{"rendered":"https:\/\/lr-partner.info\/harzgerode\/?page_id=142"},"modified":"2020-11-17T10:43:29","modified_gmt":"2020-11-17T09:43:29","slug":"sofort-starten","status":"publish","type":"page","link":"https:\/\/lr-partner.info\/harzgerode\/index.php\/sofort-starten\/","title":{"rendered":"Sofort starten"},"content":{"rendered":"<p>Sie werden Partner bei <span style=\"display: inline !important; float: none; background-color: #ffffff; color: #333333; cursor: text; font-family: 'Open Sans',sans-serif; font-size: 16px; font-style: normal; font-variant: normal; font-weight: 300; letter-spacing: normal; orphans: 2; text-align: left; text-decoration: none; text-indent: 0px; text-transform: none; -webkit-text-stroke-width: 0px; white-space: normal; word-spacing: 0px;\">LR Health &amp; Beauty Systems GmbH<\/span> Partner indem Sie ein Starterset erwerben. Diese Sets enthalten viele Produkte zum verg\u00fcnstigten Preis.<br \/>\nWir legen Sie als Partner meist binnen 30 Minuten an, so dass Sie danach mit Ihrem Onlineshop starten k\u00f6nnen!<\/p>\n<p>Folgende Auswahlm\u00f6glichkeiten stellt die LR Health &amp; Beauty Systems GmbH zur Verf\u00fcgung:<\/p>\n<p>In jedem Set ist das Starterset in H\u00f6he von 29,90 Euro enthalten.<\/p>\n<p><img loading=\"lazy\" decoding=\"async\" class=\"alignnone wp-image-203\" src=\"https:\/\/lr-partner.info\/wp-content\/uploads\/2018\/02\/P_Partnerantrag_Freie_Produktwahl_Startpaket-1024x125-768x94.jpg\" sizes=\"auto, (max-width: 519px) 85vw, 519px\" alt=\"\" width=\"519\" height=\"64\" \/><\/p>\n<p>Es gibt auch die M\u00f6glichkeit der freien Produktwahl. F\u00fcr alle Angelegenheiten kontaktieren Sie uns!<\/p>\n<div id=\"id397\">\n<div class=\"error-message\"><\/div>\n<div>\n<article class=\"premium-product\">\n<div class=\"image\"><span data-picture=\"\"> <span class=\"picture-desktop\" data-src=\"https:\/\/cdn.lrworld.com\/images_cms\/images\/product\/220x300\/95081-1\/startpaket_lr_aloe_via_moments.jpg\" data-media=\"(min-width: 64em)\"><img decoding=\"async\" src=\"https:\/\/cdn.lrworld.com\/images_cms\/images\/product\/220x300\/95081-1\/startpaket_lr_aloe_via_moments.jpg\" alt=\"null\" \/><\/span><\/span>149,90 \u20ac<b><span style=\"color: #b00679; font-size: large;\">\u00a0 <\/span><\/b>Startpaket LR ALOE VIA Moments<\/div>\n<\/article>\n<ul class=\"premium-product-list cf\">\n<li>\n<ul class=\"premium-product-list cf\">\n<li id=\"id39a\">\n<article class=\"premium-product\">\n<div class=\"image\"><span data-picture=\"\"> <span class=\"picture-desktop\" data-src=\"https:\/\/cdn.lrworld.com\/images_cms\/images\/product\/220x300\/95082-1\/startpaket_topseller.jpg\" data-media=\"(min-width: 64em)\"><img decoding=\"async\" src=\"https:\/\/cdn.lrworld.com\/images_cms\/images\/product\/220x300\/95082-1\/startpaket_topseller.jpg\" alt=\"null\" \/><\/span>\u00a0 <\/span>159,90 \u20ac<b><span style=\"color: #b00679; font-size: large;\">\u00a0 <\/span><\/b>Startpaket Topseller<\/div>\n<\/article>\n<\/li>\n<\/ul>\n<\/li>\n<\/ul>\n<ul class=\"premium-product-list cf\">\n<li>\n<ul class=\"premium-product-list cf\">\n<li id=\"id39c\">\n<article class=\"premium-product\">\n<div class=\"image\"><span data-picture=\"\"> <span class=\"picture-desktop\" data-src=\"https:\/\/cdn.lrworld.com\/images_cms\/images\/product\/220x300\/95083-1\/startpaket_lr_lifetakt.jpg\" data-media=\"(min-width: 64em)\"><img decoding=\"async\" src=\"https:\/\/cdn.lrworld.com\/images_cms\/images\/product\/220x300\/95083-1\/startpaket_lr_lifetakt.jpg\" alt=\"null\" \/><\/span> <\/span>169,90 \u20ac<b><span style=\"color: #b00679; font-size: large;\">\u00a0 <\/span><\/b>Startpaket LR LIFETAKT<\/div>\n<\/article>\n<\/li>\n<\/ul>\n<\/li>\n<\/ul>\n<ul class=\"premium-product-list cf\">\n<li>\n<ul class=\"premium-product-list cf\">\n<li id=\"id39e\">\n<article class=\"premium-product\">\n<div class=\"image\"><span data-picture=\"\"> <span class=\"picture-desktop\" data-src=\"https:\/\/cdn.lrworld.com\/images_cms\/images\/product\/220x300\/95084-1\/startpaket_lr_zeitgard.jpg\" data-media=\"(min-width: 64em)\"><img decoding=\"async\" src=\"https:\/\/cdn.lrworld.com\/images_cms\/images\/product\/220x300\/95084-1\/startpaket_lr_zeitgard.jpg\" alt=\"null\" \/><\/span> <\/span>189,90 \u20ac<b><span style=\"color: #b00679; font-size: large;\">\u00a0 <\/span><\/b>Startpaket LR ZEITGARD<\/div>\n<\/article>\n<\/li>\n<\/ul>\n<\/li>\n<\/ul>\n<ul class=\"premium-product-list cf\">\n<li id=\"id3a0\">\n<article class=\"premium-product\">\n<div class=\"image\"><span data-picture=\"\"> <span class=\"picture-desktop\" data-src=\"https:\/\/cdn.lrworld.com\/images_cms\/images\/product\/220x300\/95085-1\/startpaket_profi_business.jpg\" data-media=\"(min-width: 64em)\"><img decoding=\"async\" src=\"https:\/\/cdn.lrworld.com\/images_cms\/images\/product\/220x300\/95085-1\/startpaket_profi_business.jpg\" alt=\"null\" \/><\/span> <\/span>519,89 \u20ac<b><span style=\"color: #b00679; font-size: large;\">\u00a0 <\/span><\/b>Startpaket Profi Business<\/div>\n<\/article>\n<\/li>\n<\/ul>\n<\/div>\n<\/div>\n<p>Verkauf &amp; Vertragspartner aller Artikel auf Rechnung der LR Health &amp; Beauty Systems GmbH, Kruppstra\u00dfe 55, 59227 Ahlen, Angebot freibleibend, Preise inkl. der gesetzl. MWSt..<\/p>\n<p>Es besteht die M\u00f6glichkeit die Einstiegssets in 2 Monatsraten zu bezahlen!<\/p>\n<p><a href=\"https:\/\/lr-partner.info\/antrag.pdf\" target=\"_blank\" rel=\"noopener noreferrer\">Alternativ zur Onlinebestellung finden Sie hier den Partnerantrag als PDF, den wir unterschrieben zur\u00fcck ben\u00f6tigen.<\/a><\/p>\n<p>&nbsp;<\/p>\n<p>Ich beauftrage LR-Partner.info mich als Partner der LR Health &amp; Beauty GmbH anzuleben und bestelle dort folgendes Einstiegsset:<\/p>\n<p>Bitte f\u00fcllen Sie das Formular vollst\u00e4ndig aus und w\u00e4hlen das Startset sowie die Zahlungsm\u00f6glichkeit.<\/p>\n<div class=\"wpforms-container wpforms-container-full\" id=\"wpforms-60\"><form id=\"wpforms-form-60\" class=\"wpforms-validate wpforms-form\" data-formid=\"60\" method=\"post\" enctype=\"multipart\/form-data\" action=\"\/harzgerode\/index.php\/wp-json\/wp\/v2\/pages\/142\" data-token=\"49ea86aa89a096d80ebf25067e410974\" data-token-time=\"1777268295\"><noscript class=\"wpforms-error-noscript\">Bitte aktiviere JavaScript in deinem Browser, um dieses Formular fertigzustellen.<\/noscript><div class=\"wpforms-field-container\"><div id=\"wpforms-60-field_0-container\" class=\"wpforms-field wpforms-field-name\" data-field-id=\"0\"><label class=\"wpforms-field-label\">Name <span class=\"wpforms-required-label\">*<\/span><\/label><div class=\"wpforms-field-row wpforms-field-large\"><div class=\"wpforms-field-row-block wpforms-first wpforms-one-half\"><input type=\"text\" id=\"wpforms-60-field_0\" class=\"wpforms-field-name-first wpforms-field-required\" name=\"wpforms[fields][0][first]\" required><label for=\"wpforms-60-field_0\" class=\"wpforms-field-sublabel after\">Vorname<\/label><\/div><div class=\"wpforms-field-row-block wpforms-one-half\"><input type=\"text\" id=\"wpforms-60-field_0-last\" class=\"wpforms-field-name-last wpforms-field-required\" name=\"wpforms[fields][0][last]\" required><label for=\"wpforms-60-field_0-last\" class=\"wpforms-field-sublabel after\">Nachname<\/label><\/div><\/div><\/div><div id=\"wpforms-60-field_3-container\" class=\"wpforms-field wpforms-field-text\" data-field-id=\"3\"><label class=\"wpforms-field-label\" for=\"wpforms-60-field_3\">Strasse <span class=\"wpforms-required-label\">*<\/span><\/label><input type=\"text\" id=\"wpforms-60-field_3\" class=\"wpforms-field-medium wpforms-field-required\" name=\"wpforms[fields][3]\" required><\/div><div id=\"wpforms-60-field_4-container\" class=\"wpforms-field wpforms-field-text\" data-field-id=\"4\"><label class=\"wpforms-field-label\" for=\"wpforms-60-field_4\">PLZ Ort <span class=\"wpforms-required-label\">*<\/span><\/label><input type=\"text\" id=\"wpforms-60-field_4\" class=\"wpforms-field-medium wpforms-field-required\" name=\"wpforms[fields][4]\" required><\/div><div id=\"wpforms-60-field_5-container\" class=\"wpforms-field wpforms-field-text\" data-field-id=\"5\"><label class=\"wpforms-field-label\" for=\"wpforms-60-field_5\">Telefon <span class=\"wpforms-required-label\">*<\/span><\/label><input type=\"text\" id=\"wpforms-60-field_5\" class=\"wpforms-field-medium wpforms-field-required\" name=\"wpforms[fields][5]\" required><\/div><div id=\"wpforms-60-field_1-container\" class=\"wpforms-field wpforms-field-email\" data-field-id=\"1\"><label class=\"wpforms-field-label\" for=\"wpforms-60-field_1\">Email <span class=\"wpforms-required-label\">*<\/span><\/label><input type=\"email\" id=\"wpforms-60-field_1\" class=\"wpforms-field-large wpforms-field-required\" name=\"wpforms[fields][1]\" spellcheck=\"false\" required><\/div><div id=\"wpforms-60-field_6-container\" class=\"wpforms-field wpforms-field-text\" data-field-id=\"6\"><label class=\"wpforms-field-label\" for=\"wpforms-60-field_6\">Geburtsdatum <span class=\"wpforms-required-label\">*<\/span><\/label><input type=\"text\" id=\"wpforms-60-field_6\" class=\"wpforms-field-medium wpforms-field-required\" name=\"wpforms[fields][6]\" required><\/div><div id=\"wpforms-60-field_7-container\" class=\"wpforms-field wpforms-field-text\" data-field-id=\"7\"><label class=\"wpforms-field-label\" for=\"wpforms-60-field_7\">IBAN <span class=\"wpforms-required-label\">*<\/span><\/label><input type=\"text\" id=\"wpforms-60-field_7\" class=\"wpforms-field-medium wpforms-field-required\" name=\"wpforms[fields][7]\" required><\/div><div id=\"wpforms-60-field_8-container\" class=\"wpforms-field wpforms-field-select wpforms-field-select-style-classic\" data-field-id=\"8\"><label class=\"wpforms-field-label\" for=\"wpforms-60-field_8\">Starterset <span class=\"wpforms-required-label\">*<\/span><\/label><select id=\"wpforms-60-field_8\" class=\"wpforms-field-medium wpforms-field-required\" name=\"wpforms[fields][8]\" required=\"required\"><option value=\"Aloe Via 149,90 Euro\"  class=\"choice-1 depth-1\"  >Aloe Via 149,90 Euro<\/option><option value=\"Topseller 159,90 Euro\"  class=\"choice-2 depth-1\"  >Topseller 159,90 Euro<\/option><option value=\"Lifetakt 169,90 Euro\"  class=\"choice-3 depth-1\"  >Lifetakt 169,90 Euro<\/option><option value=\"Zeitgard 189,90 Euro\"  class=\"choice-4 depth-1\"  >Zeitgard 189,90 Euro<\/option><option value=\"Profi Business 519,90 Euro\"  class=\"choice-5 depth-1\"  >Profi Business 519,90 Euro<\/option><\/select><\/div><div id=\"wpforms-60-field_9-container\" class=\"wpforms-field wpforms-field-select wpforms-field-select-style-classic\" data-field-id=\"9\"><label class=\"wpforms-field-label\" for=\"wpforms-60-field_9\">Zahlung <span class=\"wpforms-required-label\">*<\/span><\/label><select id=\"wpforms-60-field_9\" class=\"wpforms-field-medium wpforms-field-required\" name=\"wpforms[fields][9]\" required=\"required\"><option value=\"Lastschrift\"  class=\"choice-1 depth-1\"  >Lastschrift<\/option><option value=\"Lastschrift 2 Raten Bonit\u00e4t vorausgesetzt\"  class=\"choice-2 depth-1\"  >Lastschrift 2 Raten Bonit\u00e4t vorausgesetzt<\/option><option value=\"Nachnahme zzg. Nachnahmegeb\u00fchr\"  class=\"choice-3 depth-1\"  >Nachnahme zzg. Nachnahmegeb\u00fchr<\/option><option value=\"Kreditkarte\"  class=\"choice-4 depth-1\"  >Kreditkarte<\/option><\/select><\/div><\/div><!-- .wpforms-field-container --><div class=\"wpforms-field wpforms-field-hp\"><label for=\"wpforms-60-field-hp\" class=\"wpforms-field-label\">Phone<\/label><input type=\"text\" name=\"wpforms[hp]\" id=\"wpforms-60-field-hp\" class=\"wpforms-field-medium\"><\/div><div class=\"wpforms-recaptcha-container wpforms-is-recaptcha wpforms-is-recaptcha-type-v2\" ><div class=\"g-recaptcha\" data-sitekey=\"6Ld2wOcUAAAAAChvwJNL40vsbqeBhH-qrR97zCIr\"><\/div><input type=\"text\" name=\"g-recaptcha-hidden\" class=\"wpforms-recaptcha-hidden\" style=\"position:absolute!important;clip:rect(0,0,0,0)!important;height:1px!important;width:1px!important;border:0!important;overflow:hidden!important;padding:0!important;margin:0!important;\" data-rule-recaptcha=\"1\"><\/div><div class=\"wpforms-submit-container\" ><input type=\"hidden\" name=\"wpforms[id]\" value=\"60\"><input type=\"hidden\" name=\"page_title\" value=\"\"><input type=\"hidden\" name=\"page_url\" value=\"https:\/\/lr-partner.info\/harzgerode\/index.php\/wp-json\/wp\/v2\/pages\/142\"><input type=\"hidden\" name=\"url_referer\" value=\"\"><button type=\"submit\" name=\"wpforms[submit]\" id=\"wpforms-submit-60\" class=\"wpforms-submit button color1\" data-alt-text=\"Sending...\" data-submit-text=\"Absenden\" aria-live=\"assertive\" value=\"wpforms-submit\">Absenden<\/button><\/div><\/form><\/div>  <!-- .wpforms-container -->\n","protected":false},"excerpt":{"rendered":"<p>Sie werden Partner bei LR Health &amp; Beauty Systems GmbH Partner indem Sie ein Starterset erwerben. Diese Sets enthalten viele Produkte zum verg\u00fcnstigten Preis. Wir legen Sie als Partner meist binnen 30 Minuten an, so dass Sie danach mit Ihrem Onlineshop starten k\u00f6nnen! Folgende Auswahlm\u00f6glichkeiten stellt die LR Health &amp; Beauty Systems GmbH zur Verf\u00fcgung:&hellip; <br \/> <a class=\"read-more\" href=\"https:\/\/lr-partner.info\/harzgerode\/index.php\/sofort-starten\/\">Weiterlesen<\/a><\/p>\n","protected":false},"author":2,"featured_media":0,"parent":0,"menu_order":0,"comment_status":"closed","ping_status":"closed","template":"","meta":{"footnotes":""},"class_list":["post-142","page","type-page","status-publish","hentry"],"yoast_head":"<!-- This site is optimized with the Yoast SEO plugin v27.4 - https:\/\/yoast.com\/product\/yoast-seo-wordpress\/ -->\n<title>Sofort starten mit den Startersets von LR - Jetzt einsteigen und starten<\/title>\n<meta name=\"description\" content=\"Sie werden Partner bei LR Health &amp; Beauty Systems GmbH Partner indem Sie ein Starterset erwerben. Diese Sets enthalten viele Produkte zum verg\u00fcnstigten Preis.Wir legen Sie als Partner meist binnen 30 Minuten an, so dass Sie danach mit Ihrem Onlineshop starten k\u00f6nnen!\" \/>\n<meta name=\"robots\" content=\"index, follow, max-snippet:-1, max-image-preview:large, max-video-preview:-1\" \/>\n<link rel=\"canonical\" href=\"https:\/\/lr-partner.info\/harzgerode\/index.php\/sofort-starten\/\" \/>\n<meta property=\"og:locale\" content=\"de_DE\" \/>\n<meta property=\"og:type\" content=\"article\" \/>\n<meta property=\"og:title\" content=\"Sofort starten mit den Startersets von LR - Jetzt einsteigen und starten\" \/>\n<meta property=\"og:description\" content=\"Sie werden Partner bei LR Health &amp; Beauty Systems GmbH Partner indem Sie ein Starterset erwerben. Diese Sets enthalten viele Produkte zum verg\u00fcnstigten Preis.Wir legen Sie als Partner meist binnen 30 Minuten an, so dass Sie danach mit Ihrem Onlineshop starten k\u00f6nnen!\" \/>\n<meta property=\"og:url\" content=\"https:\/\/lr-partner.info\/harzgerode\/index.php\/sofort-starten\/\" \/>\n<meta property=\"og:site_name\" content=\"LR Partner werden\" \/>\n<meta property=\"article:modified_time\" content=\"2020-11-17T09:43:29+00:00\" \/>\n<meta property=\"og:image\" content=\"https:\/\/lr-partner.info\/wp-content\/uploads\/2018\/02\/P_Partnerantrag_Freie_Produktwahl_Startpaket-1024x125-768x94.jpg\" \/>\n<meta name=\"twitter:card\" content=\"summary_large_image\" \/>\n<meta name=\"twitter:label1\" content=\"Gesch\u00e4tzte Lesezeit\" \/>\n\t<meta name=\"twitter:data1\" content=\"1\u00a0Minute\" \/>\n<script type=\"application\/ld+json\" class=\"yoast-schema-graph\">{\"@context\":\"https:\\\/\\\/schema.org\",\"@graph\":[{\"@type\":\"WebPage\",\"@id\":\"https:\\\/\\\/lr-partner.info\\\/harzgerode\\\/index.php\\\/sofort-starten\\\/\",\"url\":\"https:\\\/\\\/lr-partner.info\\\/harzgerode\\\/index.php\\\/sofort-starten\\\/\",\"name\":\"Sofort starten mit den Startersets von LR - Jetzt einsteigen und starten\",\"isPartOf\":{\"@id\":\"https:\\\/\\\/lr-partner.info\\\/harzgerode\\\/#website\"},\"primaryImageOfPage\":{\"@id\":\"https:\\\/\\\/lr-partner.info\\\/harzgerode\\\/index.php\\\/sofort-starten\\\/#primaryimage\"},\"image\":{\"@id\":\"https:\\\/\\\/lr-partner.info\\\/harzgerode\\\/index.php\\\/sofort-starten\\\/#primaryimage\"},\"thumbnailUrl\":\"https:\\\/\\\/lr-partner.info\\\/wp-content\\\/uploads\\\/2018\\\/02\\\/P_Partnerantrag_Freie_Produktwahl_Startpaket-1024x125-768x94.jpg\",\"datePublished\":\"2019-08-23T07:49:13+00:00\",\"dateModified\":\"2020-11-17T09:43:29+00:00\",\"description\":\"Sie werden Partner bei LR Health & Beauty Systems GmbH Partner indem Sie ein Starterset erwerben. Diese Sets enthalten viele Produkte zum verg\u00fcnstigten Preis.Wir legen Sie als Partner meist binnen 30 Minuten an, so dass Sie danach mit Ihrem Onlineshop starten k\u00f6nnen!\",\"breadcrumb\":{\"@id\":\"https:\\\/\\\/lr-partner.info\\\/harzgerode\\\/index.php\\\/sofort-starten\\\/#breadcrumb\"},\"inLanguage\":\"de\",\"potentialAction\":[{\"@type\":\"ReadAction\",\"target\":[\"https:\\\/\\\/lr-partner.info\\\/harzgerode\\\/index.php\\\/sofort-starten\\\/\"]}]},{\"@type\":\"ImageObject\",\"inLanguage\":\"de\",\"@id\":\"https:\\\/\\\/lr-partner.info\\\/harzgerode\\\/index.php\\\/sofort-starten\\\/#primaryimage\",\"url\":\"https:\\\/\\\/lr-partner.info\\\/wp-content\\\/uploads\\\/2018\\\/02\\\/P_Partnerantrag_Freie_Produktwahl_Startpaket-1024x125-768x94.jpg\",\"contentUrl\":\"https:\\\/\\\/lr-partner.info\\\/wp-content\\\/uploads\\\/2018\\\/02\\\/P_Partnerantrag_Freie_Produktwahl_Startpaket-1024x125-768x94.jpg\"},{\"@type\":\"BreadcrumbList\",\"@id\":\"https:\\\/\\\/lr-partner.info\\\/harzgerode\\\/index.php\\\/sofort-starten\\\/#breadcrumb\",\"itemListElement\":[{\"@type\":\"ListItem\",\"position\":1,\"name\":\"Startseite\",\"item\":\"https:\\\/\\\/lr-partner.info\\\/harzgerode\\\/\"},{\"@type\":\"ListItem\",\"position\":2,\"name\":\"Sofort starten\"}]},{\"@type\":\"WebSite\",\"@id\":\"https:\\\/\\\/lr-partner.info\\\/harzgerode\\\/#website\",\"url\":\"https:\\\/\\\/lr-partner.info\\\/harzgerode\\\/\",\"name\":\"LR Partner werden\",\"description\":\"\",\"potentialAction\":[{\"@type\":\"SearchAction\",\"target\":{\"@type\":\"EntryPoint\",\"urlTemplate\":\"https:\\\/\\\/lr-partner.info\\\/harzgerode\\\/?s={search_term_string}\"},\"query-input\":{\"@type\":\"PropertyValueSpecification\",\"valueRequired\":true,\"valueName\":\"search_term_string\"}}],\"inLanguage\":\"de\"}]}<\/script>\n<!-- \/ Yoast SEO plugin. -->","yoast_head_json":{"title":"Sofort starten mit den Startersets von LR - Jetzt einsteigen und starten","description":"Sie werden Partner bei LR Health & Beauty Systems GmbH Partner indem Sie ein Starterset erwerben. Diese Sets enthalten viele Produkte zum verg\u00fcnstigten Preis.Wir legen Sie als Partner meist binnen 30 Minuten an, so dass Sie danach mit Ihrem Onlineshop starten k\u00f6nnen!","robots":{"index":"index","follow":"follow","max-snippet":"max-snippet:-1","max-image-preview":"max-image-preview:large","max-video-preview":"max-video-preview:-1"},"canonical":"https:\/\/lr-partner.info\/harzgerode\/index.php\/sofort-starten\/","og_locale":"de_DE","og_type":"article","og_title":"Sofort starten mit den Startersets von LR - Jetzt einsteigen und starten","og_description":"Sie werden Partner bei LR Health & Beauty Systems GmbH Partner indem Sie ein Starterset erwerben. Diese Sets enthalten viele Produkte zum verg\u00fcnstigten Preis.Wir legen Sie als Partner meist binnen 30 Minuten an, so dass Sie danach mit Ihrem Onlineshop starten k\u00f6nnen!","og_url":"https:\/\/lr-partner.info\/harzgerode\/index.php\/sofort-starten\/","og_site_name":"LR Partner werden","article_modified_time":"2020-11-17T09:43:29+00:00","og_image":[{"url":"https:\/\/lr-partner.info\/wp-content\/uploads\/2018\/02\/P_Partnerantrag_Freie_Produktwahl_Startpaket-1024x125-768x94.jpg","type":"","width":"","height":""}],"twitter_card":"summary_large_image","twitter_misc":{"Gesch\u00e4tzte Lesezeit":"1\u00a0Minute"},"schema":{"@context":"https:\/\/schema.org","@graph":[{"@type":"WebPage","@id":"https:\/\/lr-partner.info\/harzgerode\/index.php\/sofort-starten\/","url":"https:\/\/lr-partner.info\/harzgerode\/index.php\/sofort-starten\/","name":"Sofort starten mit den Startersets von LR - Jetzt einsteigen und starten","isPartOf":{"@id":"https:\/\/lr-partner.info\/harzgerode\/#website"},"primaryImageOfPage":{"@id":"https:\/\/lr-partner.info\/harzgerode\/index.php\/sofort-starten\/#primaryimage"},"image":{"@id":"https:\/\/lr-partner.info\/harzgerode\/index.php\/sofort-starten\/#primaryimage"},"thumbnailUrl":"https:\/\/lr-partner.info\/wp-content\/uploads\/2018\/02\/P_Partnerantrag_Freie_Produktwahl_Startpaket-1024x125-768x94.jpg","datePublished":"2019-08-23T07:49:13+00:00","dateModified":"2020-11-17T09:43:29+00:00","description":"Sie werden Partner bei LR Health & Beauty Systems GmbH Partner indem Sie ein Starterset erwerben. Diese Sets enthalten viele Produkte zum verg\u00fcnstigten Preis.Wir legen Sie als Partner meist binnen 30 Minuten an, so dass Sie danach mit Ihrem Onlineshop starten k\u00f6nnen!","breadcrumb":{"@id":"https:\/\/lr-partner.info\/harzgerode\/index.php\/sofort-starten\/#breadcrumb"},"inLanguage":"de","potentialAction":[{"@type":"ReadAction","target":["https:\/\/lr-partner.info\/harzgerode\/index.php\/sofort-starten\/"]}]},{"@type":"ImageObject","inLanguage":"de","@id":"https:\/\/lr-partner.info\/harzgerode\/index.php\/sofort-starten\/#primaryimage","url":"https:\/\/lr-partner.info\/wp-content\/uploads\/2018\/02\/P_Partnerantrag_Freie_Produktwahl_Startpaket-1024x125-768x94.jpg","contentUrl":"https:\/\/lr-partner.info\/wp-content\/uploads\/2018\/02\/P_Partnerantrag_Freie_Produktwahl_Startpaket-1024x125-768x94.jpg"},{"@type":"BreadcrumbList","@id":"https:\/\/lr-partner.info\/harzgerode\/index.php\/sofort-starten\/#breadcrumb","itemListElement":[{"@type":"ListItem","position":1,"name":"Startseite","item":"https:\/\/lr-partner.info\/harzgerode\/"},{"@type":"ListItem","position":2,"name":"Sofort starten"}]},{"@type":"WebSite","@id":"https:\/\/lr-partner.info\/harzgerode\/#website","url":"https:\/\/lr-partner.info\/harzgerode\/","name":"LR Partner werden","description":"","potentialAction":[{"@type":"SearchAction","target":{"@type":"EntryPoint","urlTemplate":"https:\/\/lr-partner.info\/harzgerode\/?s={search_term_string}"},"query-input":{"@type":"PropertyValueSpecification","valueRequired":true,"valueName":"search_term_string"}}],"inLanguage":"de"}]}},"jetpack_sharing_enabled":true,"_links":{"self":[{"href":"https:\/\/lr-partner.info\/harzgerode\/index.php\/wp-json\/wp\/v2\/pages\/142","targetHints":{"allow":["GET"]}}],"collection":[{"href":"https:\/\/lr-partner.info\/harzgerode\/index.php\/wp-json\/wp\/v2\/pages"}],"about":[{"href":"https:\/\/lr-partner.info\/harzgerode\/index.php\/wp-json\/wp\/v2\/types\/page"}],"author":[{"embeddable":true,"href":"https:\/\/lr-partner.info\/harzgerode\/index.php\/wp-json\/wp\/v2\/users\/2"}],"replies":[{"embeddable":true,"href":"https:\/\/lr-partner.info\/harzgerode\/index.php\/wp-json\/wp\/v2\/comments?post=142"}],"version-history":[{"count":7,"href":"https:\/\/lr-partner.info\/harzgerode\/index.php\/wp-json\/wp\/v2\/pages\/142\/revisions"}],"predecessor-version":[{"id":155,"href":"https:\/\/lr-partner.info\/harzgerode\/index.php\/wp-json\/wp\/v2\/pages\/142\/revisions\/155"}],"wp:attachment":[{"href":"https:\/\/lr-partner.info\/harzgerode\/index.php\/wp-json\/wp\/v2\/media?parent=142"}],"curies":[{"name":"wp","href":"https:\/\/api.w.org\/{rel}","templated":true}]}}